{"id":1807,"date":"2023-08-01T09:14:29","date_gmt":"2023-08-01T09:14:29","guid":{"rendered":"https:\/\/www.teratel.cl\/who-we-are\/"},"modified":"2024-09-04T19:44:12","modified_gmt":"2024-09-04T19:44:12","slug":"who-we-are","status":"publish","type":"page","link":"https:\/\/www.teratel.cl\/en\/who-we-are\/","title":{"rendered":"Who we are"},"content":{"rendered":"\t\t<div data-elementor-type=\"wp-page\" data-elementor-id=\"1807\" class=\"elementor elementor-1807\">\n\t\t\t\t\t\t<section class=\"elementor-section elementor-top-section elementor-element elementor-element-a82f8ec elementor-section-content-middle elementor-section-boxed elementor-section-height-default elementor-section-height-default\" data-id=\"a82f8ec\" data-element_type=\"section\" data-e-type=\"section\">\n\t\t\t\t\t\t<div class=\"elementor-container elementor-column-gap-no\">\n\t\t\t\t\t<div class=\"elementor-column elementor-col-50 elementor-top-column elementor-element elementor-element-1510503\" data-id=\"1510503\" data-element_type=\"column\" data-e-type=\"column\">\n\t\t\t<div class=\"elementor-widget-wrap elementor-element-populated\">\n\t\t\t\t\t\t<div class=\"elementor-element elementor-element-b390e09 elementor-widget elementor-widget-image\" data-id=\"b390e09\" data-element_type=\"widget\" data-e-type=\"widget\" data-widget_type=\"image.default\">\n\t\t\t\t<div class=\"elementor-widget-container\">\n\t\t\t\t\t\t\t\t\t\t\t\t\t\t\t<img decoding=\"async\" src=\"https:\/\/www.teratel.cl\/wp-content\/uploads\/elementor\/thumbs\/logo_teratel-qswaej8wfzsu0axgi0dshwbxpt9xx0zghgw2eumj28.png\" title=\"logo_teratel\" alt=\"logo_teratel\" loading=\"lazy\" \/>\t\t\t\t\t\t\t\t\t\t\t\t\t\t\t<\/div>\n\t\t\t\t<\/div>\n\t\t\t\t<div class=\"elementor-element elementor-element-4d4ae22 elementor-widget elementor-widget-image\" data-id=\"4d4ae22\" data-element_type=\"widget\" data-e-type=\"widget\" data-widget_type=\"image.default\">\n\t\t\t\t<div class=\"elementor-widget-container\">\n\t\t\t\t\t\t\t\t\t\t\t\t\t\t\t<img fetchpriority=\"high\" decoding=\"async\" width=\"1158\" height=\"750\" src=\"https:\/\/www.teratel.cl\/wp-content\/uploads\/2024\/08\/Captura-de-pantalla-2024-08-20-175724.png\" class=\"attachment-full size-full wp-image-1264\" alt=\"Organigrama teratel\" \/>\t\t\t\t\t\t\t\t\t\t\t\t\t\t\t<\/div>\n\t\t\t\t<\/div>\n\t\t\t\t\t<\/div>\n\t\t<\/div>\n\t\t\t\t<div class=\"elementor-column elementor-col-50 elementor-top-column elementor-element elementor-element-c847fd6\" data-id=\"c847fd6\" data-element_type=\"column\" data-e-type=\"column\">\n\t\t\t<div class=\"elementor-widget-wrap elementor-element-populated\">\n\t\t\t\t\t\t<div class=\"elementor-element elementor-element-4931230 elementor-widget__width-auto elementor-widget elementor-widget-heading\" data-id=\"4931230\" data-element_type=\"widget\" data-e-type=\"widget\" data-widget_type=\"heading.default\">\n\t\t\t\t<div class=\"elementor-widget-container\">\n\t\t\t\t\t<span class=\"elementor-heading-title elementor-size-default\">OUR COMPANY<\/span>\t\t\t\t<\/div>\n\t\t\t\t<\/div>\n\t\t\t\t<div class=\"elementor-element elementor-element-9367363 elementor-widget elementor-widget-heading\" data-id=\"9367363\" data-element_type=\"widget\" data-e-type=\"widget\" data-widget_type=\"heading.default\">\n\t\t\t\t<div class=\"elementor-widget-container\">\n\t\t\t\t\t<h2 class=\"elementor-heading-title elementor-size-default\">Get to know us, we are TERATEL<\/h2>\t\t\t\t<\/div>\n\t\t\t\t<\/div>\n\t\t\t\t<div class=\"elementor-element elementor-element-8151a89 elementor-widget elementor-widget-text-editor\" data-id=\"8151a89\" data-element_type=\"widget\" data-e-type=\"widget\" data-widget_type=\"text-editor.default\">\n\t\t\t\t<div class=\"elementor-widget-container\">\n\t\t\t\t\t\t\t\t\t<p style=\"text-align: justify;\">TERATEL is a company founded in 2009, headquartered in La Serena, Coquimbo Region.<\/p><p style=\"text-align: justify;\">We provide comprehensive services in the telecommunications field.<\/p>\t\t\t\t\t\t\t\t<\/div>\n\t\t\t\t<\/div>\n\t\t\t\t<section class=\"elementor-section elementor-inner-section elementor-element elementor-element-d11b281 elementor-section-full_width elementor-section-content-middle elementor-section-height-default elementor-section-height-default\" data-id=\"d11b281\" data-element_type=\"section\" data-e-type=\"section\">\n\t\t\t\t\t\t<div class=\"elementor-container elementor-column-gap-no\">\n\t\t\t\t\t<div class=\"elementor-column elementor-col-50 elementor-inner-column elementor-element elementor-element-0578107\" data-id=\"0578107\" data-element_type=\"column\" data-e-type=\"column\">\n\t\t\t<div class=\"elementor-widget-wrap elementor-element-populated\">\n\t\t\t\t\t\t<div class=\"elementor-element elementor-element-e67a2ce w-100 elementor-widget elementor-widget-tg-iconbox\" data-id=\"e67a2ce\" data-element_type=\"widget\" data-e-type=\"widget\" data-widget_type=\"tg-iconbox.default\">\n\t\t\t\t<div class=\"elementor-widget-container\">\n\t\t\t\t\t\r\n        \r\n            <div class=\"about-list-three\">\r\n                <ul class=\"list-wrap\">\r\n                                            <li>\r\n                                                            <div class=\"icon\">\r\n                                    <i aria-hidden=\"true\" class=\"genix flaticon-business-presentation\"><\/i>                                <\/div>\r\n                                                        <div class=\"content\">\r\n                                <h2 class=\"title\">Sustained Growth<\/h2>\r\n                                                            <\/div>\r\n                        <\/li>\r\n                                            <li>\r\n                                                            <div class=\"icon\">\r\n                                    <i aria-hidden=\"true\" class=\"genix flaticon-investment\"><\/i>                                <\/div>\r\n                                                        <div class=\"content\">\r\n                                <h2 class=\"title\">Expand the Range of Services<\/h2>\r\n                                                            <\/div>\r\n                        <\/li>\r\n                                    <\/ul>\r\n            <\/div>\r\n\r\n        \r\n\t\t\t\t<\/div>\n\t\t\t\t<\/div>\n\t\t\t\t\t<\/div>\n\t\t<\/div>\n\t\t\t\t<div class=\"elementor-column elementor-col-50 elementor-inner-column elementor-element elementor-element-c48ed63\" data-id=\"c48ed63\" data-element_type=\"column\" data-e-type=\"column\">\n\t\t\t<div class=\"elementor-widget-wrap elementor-element-populated\">\n\t\t\t\t\t\t<div class=\"elementor-element elementor-element-7ba3000 elementor-widget elementor-widget-image\" data-id=\"7ba3000\" data-element_type=\"widget\" data-e-type=\"widget\" data-widget_type=\"image.default\">\n\t\t\t\t<div class=\"elementor-widget-container\">\n\t\t\t\t\t\t\t\t\t\t\t\t\t\t\t<img decoding=\"async\" width=\"1750\" height=\"1000\" src=\"https:\/\/www.teratel.cl\/wp-content\/uploads\/2024\/08\/2698915.jpeg\" class=\"attachment-full size-full wp-image-1212\" alt=\"\" srcset=\"https:\/\/www.teratel.cl\/wp-content\/uploads\/2024\/08\/2698915.jpeg 1750w, https:\/\/www.teratel.cl\/wp-content\/uploads\/2024\/08\/2698915-1536x878.jpeg 1536w\" sizes=\"(max-width: 1750px) 100vw, 1750px\" \/>\t\t\t\t\t\t\t\t\t\t\t\t\t\t\t<\/div>\n\t\t\t\t<\/div>\n\t\t\t\t\t<\/div>\n\t\t<\/div>\n\t\t\t\t\t<\/div>\n\t\t<\/section>\n\t\t\t\t<section class=\"elementor-section elementor-inner-section elementor-element elementor-element-1e09a6a elementor-section-full_width elementor-section-content-middle elementor-section-height-default elementor-section-height-default\" data-id=\"1e09a6a\" data-element_type=\"section\" data-e-type=\"section\">\n\t\t\t\t\t\t<div class=\"elementor-container elementor-column-gap-no\">\n\t\t\t\t\t<div class=\"elementor-column elementor-col-50 elementor-inner-column elementor-element elementor-element-d069178\" data-id=\"d069178\" data-element_type=\"column\" data-e-type=\"column\">\n\t\t\t<div class=\"elementor-widget-wrap elementor-element-populated\">\n\t\t\t\t\t\t<div class=\"elementor-element elementor-element-9ead307 elementor-widget elementor-widget-tg-btn\" data-id=\"9ead307\" data-element_type=\"widget\" data-e-type=\"widget\" data-widget_type=\"tg-btn.default\">\n\t\t\t\t<div class=\"elementor-widget-container\">\n\t\t\t\t\t\r\n        \r\n                            <a href=\"https:\/\/www.teratel.cl\/wp-content\/uploads\/2024\/08\/TERATEL-PRESENTACION.pdf\" target=\"_blank\" rel=\"nofollow\" class=\"btn\">\r\n                    Download Brochure                <\/a>\r\n            \r\n        \r\n\t\t\t\t<\/div>\n\t\t\t\t<\/div>\n\t\t\t\t\t<\/div>\n\t\t<\/div>\n\t\t\t\t<div class=\"elementor-column elementor-col-50 elementor-inner-column elementor-element elementor-element-8ba47a9\" data-id=\"8ba47a9\" data-element_type=\"column\" data-e-type=\"column\">\n\t\t\t<div class=\"elementor-widget-wrap elementor-element-populated\">\n\t\t\t\t\t\t<div class=\"elementor-element elementor-element-54000ad elementor-widget__width-initial elementor-widget elementor-widget-tg-author\" data-id=\"54000ad\" data-element_type=\"widget\" data-e-type=\"widget\" data-widget_type=\"tg-author.default\">\n\t\t\t\t<div class=\"elementor-widget-container\">\n\t\t\t\t\t\r\n\r\n        <div class=\"about-author-info\">\r\n                            <div class=\"thumb\">\r\n                    <img decoding=\"async\" src=\"https:\/\/www.teratel.cl\/wp-content\/uploads\/2024\/08\/logo_teratel.png\" alt=\"\">\r\n                <\/div>\r\n                        <div class=\"content\">\r\n                <h2 class=\"title\">Manuel Gallardo<\/h2>                                    <span>Gerente General<\/span>\r\n                            <\/div>\r\n\r\n            \r\n        <\/div>\r\n\r\n\t\t\t\t<\/div>\n\t\t\t\t<\/div>\n\t\t\t\t\t<\/div>\n\t\t<\/div>\n\t\t\t\t\t<\/div>\n\t\t<\/section>\n\t\t\t\t\t<\/div>\n\t\t<\/div>\n\t\t\t\t\t<\/div>\n\t\t<\/section>\n\t\t\t\t<section class=\"elementor-section elementor-top-section elementor-element elementor-element-b070c8b elementor-section-full_width elementor-section-height-default elementor-section-height-default\" data-id=\"b070c8b\" data-element_type=\"section\" data-e-type=\"section\" data-settings=\"{&quot;background_background&quot;:&quot;classic&quot;}\">\n\t\t\t\t\t\t\t<div class=\"elementor-background-overlay\"><\/div>\n\t\t\t\t\t\t\t<div class=\"elementor-container elementor-column-gap-no\">\n\t\t\t\t\t<div class=\"elementor-column elementor-col-100 elementor-top-column elementor-element elementor-element-535c909\" data-id=\"535c909\" data-element_type=\"column\" data-e-type=\"column\">\n\t\t\t<div class=\"elementor-widget-wrap elementor-element-populated\">\n\t\t\t\t\t\t<section class=\"elementor-section elementor-inner-section elementor-element elementor-element-b50cde5 elementor-section-boxed elementor-section-height-default elementor-section-height-default\" data-id=\"b50cde5\" data-element_type=\"section\" data-e-type=\"section\">\n\t\t\t\t\t\t<div class=\"elementor-container elementor-column-gap-no\">\n\t\t\t\t\t<div class=\"elementor-column elementor-col-50 elementor-inner-column elementor-element elementor-element-ffb1fb9\" data-id=\"ffb1fb9\" data-element_type=\"column\" data-e-type=\"column\">\n\t\t\t<div class=\"elementor-widget-wrap elementor-element-populated\">\n\t\t\t\t\t\t<div class=\"elementor-element elementor-element-fe7d103 elementor-widget__width-auto elementor-widget elementor-widget-heading\" data-id=\"fe7d103\" data-element_type=\"widget\" data-e-type=\"widget\" data-widget_type=\"heading.default\">\n\t\t\t\t<div class=\"elementor-widget-container\">\n\t\t\t\t\t<span class=\"elementor-heading-title elementor-size-default\">INFORMACI\u00d3N DE TERATEL<\/span>\t\t\t\t<\/div>\n\t\t\t\t<\/div>\n\t\t\t\t<div class=\"elementor-element elementor-element-a53af68 elementor-widget elementor-widget-heading\" data-id=\"a53af68\" data-element_type=\"widget\" data-e-type=\"widget\" data-widget_type=\"heading.default\">\n\t\t\t\t<div class=\"elementor-widget-container\">\n\t\t\t\t\t<h2 class=\"elementor-heading-title elementor-size-default\">Misi\u00f3n, Visi\u00f3n y Pol\u00edticas<\/h2>\t\t\t\t<\/div>\n\t\t\t\t<\/div>\n\t\t\t\t<div class=\"elementor-element elementor-element-45fde30 elementor-widget elementor-widget-genix-faq\" data-id=\"45fde30\" data-element_type=\"widget\" data-e-type=\"widget\" data-widget_type=\"genix-faq.default\">\n\t\t\t\t<div class=\"elementor-widget-container\">\n\t\t\t\t\t\r\n        \r\n            <div class=\"accordion-wrap-two\">\r\n                <div class=\"accordion\" id=\"accordionExample\">\r\n\r\n                                            <div class=\"accordion-item\">\r\n                            <h2 class=\"accordion-header\" id=\"headingOne-0\">\r\n                                <button class=\"accordion-button \" type=\"button\" data-bs-toggle=\"collapse\" data-bs-target=\"#collapseOne-0\" aria-expanded=\"true\" aria-controls=\"collapseOne-0\">\r\n                                    Our Mission                                <\/button>\r\n                            <\/h2>\r\n                            <div id=\"collapseOne-0\" class=\"accordion-collapse collapse show\" aria-labelledby=\"headingOne-0\" data-bs-parent=\"#accordionExample\">\r\n                                <div class=\"accordion-body\">\r\n                                    <p>TERATEL y C\u00eda. Ltda. is a company dedicated to providing comprehensive support services to companies in the telecommunications sector. It has a team with extensive experience in radiant systems and CORE operations. TERATEL y C\u00eda. Ltda. delivers high-quality services, meeting client requirements and standards.<\/p>\r\n                                <\/div>\r\n                            <\/div>\r\n                        <\/div>\r\n                                            <div class=\"accordion-item\">\r\n                            <h2 class=\"accordion-header\" id=\"headingOne-1\">\r\n                                <button class=\"accordion-button collapsed\" type=\"button\" data-bs-toggle=\"collapse\" data-bs-target=\"#collapseOne-1\" aria-expanded=\"true\" aria-controls=\"collapseOne-1\">\r\n                                    Our Vission                                <\/button>\r\n                            <\/h2>\r\n                            <div id=\"collapseOne-1\" class=\"accordion-collapse collapse \" aria-labelledby=\"headingOne-1\" data-bs-parent=\"#accordionExample\">\r\n                                <div class=\"accordion-body\">\r\n                                    <p>TERATEL y C\u00eda. Ltda. aims to become the strategic partner of telecommunications companies across the country, based on the professionalism of its staff, reliability, and productivity. The company is committed to providing the best response times for its clients.<\/p>\r\n                                <\/div>\r\n                            <\/div>\r\n                        <\/div>\r\n                                            <div class=\"accordion-item\">\r\n                            <h2 class=\"accordion-header\" id=\"headingOne-2\">\r\n                                <button class=\"accordion-button collapsed\" type=\"button\" data-bs-toggle=\"collapse\" data-bs-target=\"#collapseOne-2\" aria-expanded=\"true\" aria-controls=\"collapseOne-2\">\r\n                                    Our politics                                <\/button>\r\n                            <\/h2>\r\n                            <div id=\"collapseOne-2\" class=\"accordion-collapse collapse \" aria-labelledby=\"headingOne-2\" data-bs-parent=\"#accordionExample\">\r\n                                <div class=\"accordion-body\">\r\n                                    <p>radiant systems, CORE operations, energy, and minor civil works to companies in the telecommunications sector, delivering the highest quality service to our clients.\n<br>\nTERATEL y C\u00eda. Ltda. strives to fully meet its clients' requirements by committing to select the best suppliers and enhance the efficiency of our work.<br>\nTERATEL y C\u00eda. Ltda. aims for excellence in its services by ensuring compliance with its management system requirements, achieving quality objectives, and employing continuous improvement in all organizational processes.<\/p>\r\n                                <\/div>\r\n                            <\/div>\r\n                        <\/div>\r\n                                    <\/div>\r\n            <\/div>\r\n\r\n        \t\t\t\t<\/div>\n\t\t\t\t<\/div>\n\t\t\t\t\t<\/div>\n\t\t<\/div>\n\t\t\t\t<div class=\"elementor-column elementor-col-50 elementor-inner-column elementor-element elementor-element-4fb7eab\" data-id=\"4fb7eab\" data-element_type=\"column\" data-e-type=\"column\">\n\t\t\t<div class=\"elementor-widget-wrap\">\n\t\t\t\t\t\t\t<\/div>\n\t\t<\/div>\n\t\t\t\t\t<\/div>\n\t\t<\/section>\n\t\t\t\t\t<\/div>\n\t\t<\/div>\n\t\t\t\t\t<\/div>\n\t\t<\/section>\n\t\t\t\t<section class=\"elementor-section elementor-top-section elementor-element elementor-element-235302c elementor-section-boxed elementor-section-height-default elementor-section-height-default\" data-id=\"235302c\" data-element_type=\"section\" data-e-type=\"section\">\n\t\t\t\t\t\t<div class=\"elementor-container elementor-column-gap-default\">\n\t\t\t\t\t<div class=\"elementor-column elementor-col-100 elementor-top-column elementor-element elementor-element-80f4cc3\" data-id=\"80f4cc3\" data-element_type=\"column\" data-e-type=\"column\">\n\t\t\t<div class=\"elementor-widget-wrap elementor-element-populated\">\n\t\t\t\t\t\t<section class=\"elementor-section elementor-inner-section elementor-element elementor-element-85d78cd elementor-section-full_width elementor-section-height-default elementor-section-height-default\" data-id=\"85d78cd\" data-element_type=\"section\" data-e-type=\"section\">\n\t\t\t\t\t\t<div class=\"elementor-container elementor-column-gap-no\">\n\t\t\t\t\t<div class=\"elementor-column elementor-col-100 elementor-inner-column elementor-element elementor-element-1a9d2df\" data-id=\"1a9d2df\" data-element_type=\"column\" data-e-type=\"column\">\n\t\t\t<div class=\"elementor-widget-wrap elementor-element-populated\">\n\t\t\t\t\t\t<div class=\"elementor-element elementor-element-66e95df elementor-widget elementor-widget-brand\" data-id=\"66e95df\" data-element_type=\"widget\" data-e-type=\"widget\" data-widget_type=\"brand.default\">\n\t\t\t\t<div class=\"elementor-widget-container\">\n\t\t\t\t\t\r\n        <script>\r\n            jQuery(document).ready(function($) {\r\n                \/*=============================================\r\n                    =    \t\tBrand Active\t\t      =\r\n                =============================================*\/\r\n                $('.brand-active').slick({\r\n                    dots: false,\r\n                    infinite: true,\r\n                    speed: 1000,\r\n                    autoplay: true,\r\n                    arrows: false,\r\n                    slidesToShow: 5,\r\n                    slidesToScroll: 1,\r\n                    responsive: [{\r\n                            breakpoint: 1200,\r\n                            settings: {\r\n                                slidesToShow: 5,\r\n                                slidesToScroll: 1,\r\n                                infinite: true,\r\n                            }\r\n                        },\r\n                        {\r\n                            breakpoint: 992,\r\n                            settings: {\r\n                                slidesToShow: 4,\r\n                                slidesToScroll: 1\r\n                            }\r\n                        },\r\n                        {\r\n                            breakpoint: 767,\r\n                            settings: {\r\n                                slidesToShow: 3,\r\n                                slidesToScroll: 1,\r\n                                arrows: false,\r\n                            }\r\n                        },\r\n                        {\r\n                            breakpoint: 575,\r\n                            settings: {\r\n                                slidesToShow: 2,\r\n                                slidesToScroll: 1,\r\n                                arrows: false,\r\n                            }\r\n                        },\r\n                    ]\r\n                });\r\n            });\r\n        <\/script>\r\n\r\n        <div class=\"row brand-active\">\r\n                            <div class=\"col-lg-12\">\r\n                    <div class=\"brand-item\">\r\n                                                    <a href=\"#\"><img decoding=\"async\" src=\"https:\/\/www.teratel.cl\/wp-content\/uploads\/2024\/08\/cliente-copia-2-100.jpg\" alt=\"\"><\/a>\r\n                                            <\/div>\r\n                <\/div>\r\n                            <div class=\"col-lg-12\">\r\n                    <div class=\"brand-item\">\r\n                                                    <a href=\"#\"><img decoding=\"async\" src=\"https:\/\/www.teratel.cl\/wp-content\/uploads\/2024\/08\/cliente-copia-5-100.jpg\" alt=\"\"><\/a>\r\n                                            <\/div>\r\n                <\/div>\r\n                            <div class=\"col-lg-12\">\r\n                    <div class=\"brand-item\">\r\n                                                    <a href=\"#\"><img decoding=\"async\" src=\"https:\/\/www.teratel.cl\/wp-content\/uploads\/2024\/08\/cliente-copia-100.jpg\" alt=\"\"><\/a>\r\n                                            <\/div>\r\n                <\/div>\r\n                            <div class=\"col-lg-12\">\r\n                    <div class=\"brand-item\">\r\n                                                    <a href=\"#\"><img decoding=\"async\" src=\"https:\/\/www.teratel.cl\/wp-content\/uploads\/2024\/08\/cliente-copia-4-100.jpg\" alt=\"\"><\/a>\r\n                                            <\/div>\r\n                <\/div>\r\n                            <div class=\"col-lg-12\">\r\n                    <div class=\"brand-item\">\r\n                                                    <a href=\"#\"><img decoding=\"async\" src=\"https:\/\/www.teratel.cl\/wp-content\/uploads\/2024\/08\/cliente-100.jpg\" alt=\"\"><\/a>\r\n                                            <\/div>\r\n                <\/div>\r\n                            <div class=\"col-lg-12\">\r\n                    <div class=\"brand-item\">\r\n                                                    <a href=\"#\"><img decoding=\"async\" src=\"https:\/\/www.teratel.cl\/wp-content\/uploads\/2024\/08\/cliente-copia-6-100.jpg\" alt=\"\"><\/a>\r\n                                            <\/div>\r\n                <\/div>\r\n                            <div class=\"col-lg-12\">\r\n                    <div class=\"brand-item\">\r\n                                                    <a href=\"#\"><img decoding=\"async\" src=\"https:\/\/www.teratel.cl\/wp-content\/uploads\/2024\/08\/cliente-copia-3-100.jpg\" alt=\"\"><\/a>\r\n                                            <\/div>\r\n                <\/div>\r\n                    <\/div>\r\n\r\n\t\t\t\t<\/div>\n\t\t\t\t<\/div>\n\t\t\t\t\t<\/div>\n\t\t<\/div>\n\t\t\t\t\t<\/div>\n\t\t<\/section>\n\t\t\t\t\t<\/div>\n\t\t<\/div>\n\t\t\t\t\t<\/div>\n\t\t<\/section>\n\t\t\t\t<\/div>\n\t\t","protected":false},"excerpt":{"rendered":"<p>OUR COMPANY Get to know us, we are TERATEL TERATEL is a company founded in 2009, headquartered in La Serena, Coquimbo Region. We provide comprehensive services in the telecommunications field. Sustained Growth Expand the Range of Services Download Brochure Manuel Gallardo Gerente General INFORMACI\u00d3N DE TERATEL Misi\u00f3n, Visi\u00f3n y Pol\u00edticas Our Mission TERATEL y C\u00eda. [&hellip;]<\/p>\n","protected":false},"author":1,"featured_media":0,"parent":0,"menu_order":0,"comment_status":"closed","ping_status":"closed","template":"elementor_header_footer","meta":{"_acf_changed":false,"footnotes":""},"class_list":["post-1807","page","type-page","status-publish","hentry"],"acf":[],"_links":{"self":[{"href":"https:\/\/www.teratel.cl\/en\/wp-json\/wp\/v2\/pages\/1807","targetHints":{"allow":["GET"]}}],"collection":[{"href":"https:\/\/www.teratel.cl\/en\/wp-json\/wp\/v2\/pages"}],"about":[{"href":"https:\/\/www.teratel.cl\/en\/wp-json\/wp\/v2\/types\/page"}],"author":[{"embeddable":true,"href":"https:\/\/www.teratel.cl\/en\/wp-json\/wp\/v2\/users\/1"}],"replies":[{"embeddable":true,"href":"https:\/\/www.teratel.cl\/en\/wp-json\/wp\/v2\/comments?post=1807"}],"version-history":[{"count":4,"href":"https:\/\/www.teratel.cl\/en\/wp-json\/wp\/v2\/pages\/1807\/revisions"}],"predecessor-version":[{"id":1851,"href":"https:\/\/www.teratel.cl\/en\/wp-json\/wp\/v2\/pages\/1807\/revisions\/1851"}],"wp:attachment":[{"href":"https:\/\/www.teratel.cl\/en\/wp-json\/wp\/v2\/media?parent=1807"}],"curies":[{"name":"wp","href":"https:\/\/api.w.org\/{rel}","templated":true}]}}